{"id":10,"date":"2024-03-23T18:43:32","date_gmt":"2024-03-23T18:43:32","guid":{"rendered":"https:\/\/www.dankesreiter-schwarz.de\/?page_id=10"},"modified":"2025-09-08T07:09:30","modified_gmt":"2025-09-08T07:09:30","slug":"ds-home-1","status":"publish","type":"page","link":"https:\/\/www.dankesreiter-schwarz.de\/","title":{"rendered":"DS Home 1"},"content":{"rendered":"<p>[et_pb_section fb_built=&#8220;1&#8243; next_background_color=&#8220;#ffffff&#8220; admin_label=&#8220;Hero&#8220; _builder_version=&#8220;4.24.2&#8243; background_image=&#8220;https:\/\/www.dankesreiter-schwarz.de\/wp-content\/uploads\/2024\/03\/AdobeStock_414534901-ARAMYAN_komprimiert-scaled.jpg&#8220; custom_margin=&#8220;|||&#8220; custom_padding=&#8220;6vw|||&#8220; bottom_divider_style=&#8220;mountains2&#8243; bottom_divider_height=&#8220;20vw&#8220; bottom_divider_repeat=&#8220;0.5x&#8220; bottom_divider_flip=&#8220;horizontal|vertical&#8220; global_colors_info=&#8220;{}&#8220;][et_pb_row _builder_version=&#8220;4.24.2&#8243; custom_margin=&#8220;|||&#8220; custom_padding=&#8220;27px|0px|0|0px|false|false&#8220; global_colors_info=&#8220;{}&#8220;][et_pb_column type=&#8220;4_4&#8243; _builder_version=&#8220;4.16&#8243; custom_padding=&#8220;|||&#8220; global_colors_info=&#8220;{}&#8220; custom_padding__hover=&#8220;|||&#8220;][et_pb_text _builder_version=&#8220;4.24.2&#8243; text_font=&#8220;||||||||&#8220; header_font=&#8220;Josefin Sans|700|||||||&#8220; header_font_size=&#8220;90px&#8220; header_line_height=&#8220;1.4em&#8220; header_2_font=&#8220;Josefin Sans||||||||&#8220; header_2_text_color=&#8220;rgba(255,255,255,0.6)&#8220; header_2_font_size=&#8220;32px&#8220; header_2_line_height=&#8220;1.4em&#8220; background_layout=&#8220;dark&#8220; animation_style=&#8220;slide&#8220; animation_direction=&#8220;right&#8220; animation_intensity_slide=&#8220;4%&#8220; header_font_size_tablet=&#8220;50px&#8220; header_font_size_phone=&#8220;32px&#8220; header_font_size_last_edited=&#8220;on|desktop&#8220; header_2_font_size_tablet=&#8220;&#8220; header_2_font_size_phone=&#8220;24px&#8220; header_2_font_size_last_edited=&#8220;on|phone&#8220; global_colors_info=&#8220;{}&#8220;]<\/p>\n<h1>Dankesreiter und Schwarz<\/h1>\n<h2>Steuerberater, Partnerschaft<\/h2>\n<p>[\/et_pb_text][\/et_pb_column][\/et_pb_row][et_pb_row column_structure=&#8220;1_2,1_2&#8243; _builder_version=&#8220;4.16&#8243; custom_padding=&#8220;0|0px|27px|0px|false|false&#8220; locked=&#8220;off&#8220; global_colors_info=&#8220;{}&#8220;][et_pb_column type=&#8220;1_2&#8243; _builder_version=&#8220;4.16&#8243; custom_padding=&#8220;|||&#8220; global_colors_info=&#8220;{}&#8220; custom_padding__hover=&#8220;|||&#8220;][\/et_pb_column][et_pb_column type=&#8220;1_2&#8243; _builder_version=&#8220;4.16&#8243; custom_padding=&#8220;|||&#8220; global_colors_info=&#8220;{}&#8220; custom_padding__hover=&#8220;|||&#8220;][et_pb_button button_text=&#8220;\ud83d\udcde 09181 \/ 50 93 05&#8243; _builder_version=&#8220;4.24.2&#8243; custom_button=&#8220;on&#8220; button_text_size=&#8220;22px&#8220; button_text_color=&#8220;rgba(255,255,255,0.9)&#8220; button_bg_color=&#8220;#f47a55&#8243; button_border_width=&#8220;8px&#8220; button_border_color=&#8220;#f47a55&#8243; button_border_radius=&#8220;0px&#8220; button_letter_spacing=&#8220;0px&#8220; button_font=&#8220;Josefin Sans|700|||||||&#8220; custom_margin=&#8220;|90px||&#8220; custom_margin_phone=&#8220;|70px||&#8220; custom_margin_last_edited=&#8220;off|desktop&#8220; custom_padding=&#8220;|||&#8220; animation_style=&#8220;slide&#8220; animation_direction=&#8220;left&#8220; animation_intensity_slide=&#8220;8%&#8220; button_text_size_phone=&#8220;20px&#8220; button_text_size_last_edited=&#8220;off|desktop&#8220; box_shadow_style=&#8220;preset3&#8243; box_shadow_blur=&#8220;20px&#8220; box_shadow_spread=&#8220;-10px&#8220; global_colors_info=&#8220;{}&#8220; button_text_size__hover_enabled=&#8220;off&#8220; button_one_text_size__hover_enabled=&#8220;off&#8220; button_two_text_size__hover_enabled=&#8220;off&#8220; button_text_color__hover_enabled=&#8220;off&#8220; button_one_text_color__hover_enabled=&#8220;off&#8220; button_two_text_color__hover_enabled=&#8220;off&#8220; button_border_width__hover_enabled=&#8220;off&#8220; button_one_border_width__hover_enabled=&#8220;off&#8220; button_two_border_width__hover_enabled=&#8220;off&#8220; button_border_color__hover_enabled=&#8220;off&#8220; button_one_border_color__hover_enabled=&#8220;off&#8220; button_two_border_color__hover_enabled=&#8220;off&#8220; button_border_radius__hover_enabled=&#8220;off&#8220; button_one_border_radius__hover_enabled=&#8220;off&#8220; button_two_border_radius__hover_enabled=&#8220;off&#8220; button_letter_spacing__hover_enabled=&#8220;off&#8220; button_one_letter_spacing__hover_enabled=&#8220;off&#8220; button_two_letter_spacing__hover_enabled=&#8220;off&#8220; button_bg_color__hover_enabled=&#8220;off&#8220; button_one_bg_color__hover_enabled=&#8220;off&#8220; button_two_bg_color__hover_enabled=&#8220;off&#8220;][\/et_pb_button][\/et_pb_column][\/et_pb_row][et_pb_row use_custom_gutter=&#8220;on&#8220; gutter_width=&#8220;1&#8243; disabled_on=&#8220;on|off|off&#8220; module_class=&#8220; et_pb_row_fullwidth&#8220; _builder_version=&#8220;4.16&#8243; width=&#8220;100%&#8220; width_tablet=&#8220;100%&#8220; width_phone=&#8220;100%&#8220; width_last_edited=&#8220;on|desktop&#8220; max_width=&#8220;100%&#8220; max_width_tablet=&#8220;100%&#8220; max_width_phone=&#8220;100%&#8220; max_width_last_edited=&#8220;on|desktop&#8220; make_fullwidth=&#8220;on&#8220; locked=&#8220;off&#8220; global_colors_info=&#8220;{}&#8220;][et_pb_column type=&#8220;4_4&#8243; _builder_version=&#8220;4.16&#8243; custom_padding=&#8220;|||&#8220; global_colors_info=&#8220;{}&#8220; custom_padding__hover=&#8220;|||&#8220;][et_pb_text _builder_version=&#8220;4.24.2&#8243; text_font=&#8220;Josefin Sans|700||on|||||&#8220; text_text_color=&#8220;rgba(255,255,255,0.2)&#8220; text_font_size=&#8220;15vw&#8220; text_line_height=&#8220;1em&#8220; quote_font=&#8220;||||||||&#8220; header_font=&#8220;||||||||&#8220; custom_margin=&#8220;||-0.4em|&#8220; custom_padding=&#8220;|||&#8220; filter_blur=&#8220;7px&#8220; animation_style=&#8220;slide&#8220; animation_direction=&#8220;right&#8220; animation_duration=&#8220;10000ms&#8220; animation_intensity_slide=&#8220;10%&#8220; animation_starting_opacity=&#8220;40%&#8220; animation_speed_curve=&#8220;linear&#8220; text_font_size_tablet=&#8220;124px&#8220; text_font_size_phone=&#8220;90px&#8220; text_font_size_last_edited=&#8220;off|desktop&#8220; global_colors_info=&#8220;{}&#8220;]<\/p>\n<p>Steuer<\/p>\n<p>[\/et_pb_text][\/et_pb_column][\/et_pb_row][\/et_pb_section][et_pb_section fb_built=&#8220;1&#8243; custom_padding_last_edited=&#8220;off|desktop&#8220; admin_label=&#8220;Services&#8220; _builder_version=&#8220;4.16&#8243; min_height=&#8220;601px&#8220; custom_margin=&#8220;29px|||||&#8220; custom_padding=&#8220;79px|||||&#8220; global_colors_info=&#8220;{}&#8220;][et_pb_row admin_label=&#8220;Content Area&#8220; _builder_version=&#8220;4.24.2&#8243; global_colors_info=&#8220;{}&#8220;][et_pb_column type=&#8220;4_4&#8243; _builder_version=&#8220;4.16&#8243; custom_padding=&#8220;|||&#8220; global_colors_info=&#8220;{}&#8220; custom_padding__hover=&#8220;|||&#8220;][et_pb_text _builder_version=&#8220;4.24.2&#8243; text_font=&#8220;||||||||&#8220; text_text_color=&#8220;#000000&#8243; text_font_size=&#8220;18px&#8220; text_line_height=&#8220;1.8em&#8220; header_font=&#8220;||||||||&#8220; header_text_color=&#8220;rgba(0,0,0,0)&#8220; header_2_font=&#8220;Josefin Sans|700|||||||&#8220; header_2_font_size=&#8220;48px&#8220; header_2_line_height=&#8220;1.4em&#8220; header_3_font=&#8220;Josefin Sans|700||on|||||&#8220; header_3_text_color=&#8220;rgba(43,51,68,0.2)&#8220; text_orientation=&#8220;center&#8220; max_width=&#8220;700px&#8220; module_alignment=&#8220;center&#8220; custom_margin=&#8220;|||&#8220; custom_padding=&#8220;|||&#8220; header_2_font_size_tablet=&#8220;&#8220; header_2_font_size_phone=&#8220;24px&#8220; header_2_font_size_last_edited=&#8220;on|phone&#8220; header_2_line_height_tablet=&#8220;1.4em&#8220; header_2_line_height_last_edited=&#8220;off|desktop&#8220; locked=&#8220;off&#8220; global_colors_info=&#8220;{}&#8220;]<\/p>\n<h3>Herzlich Willkommen!<\/h3>\n<h1><span><span style=\"font-size: x-large;\">Unsere Website wird aktuell \u00fcberarbeitet.\u00a0<\/span><\/span><\/h1>\n<blockquote>\n<h2><span style=\"font-size: xx-large; font-family: 'Open Sans', serif; color: #666666; font-weight: 500;\">Unsere Website wird zur Zeit \u00fcberarbeitet. W\u00e4hrend der \u00dcberarbeitung finden Sie hier alle Kontaktdaten.<\/span><\/h2>\n<\/blockquote>\n<p>[\/et_pb_text][\/et_pb_column][\/et_pb_row][et_pb_row _builder_version=&#8220;4.24.2&#8243; _module_preset=&#8220;default&#8220; global_colors_info=&#8220;{}&#8220;][et_pb_column type=&#8220;4_4&#8243; _builder_version=&#8220;4.24.2&#8243; _module_preset=&#8220;default&#8220; global_colors_info=&#8220;{}&#8220;][et_pb_blurb title=&#8220;Dankesreiter und Schwarz&#8220; use_icon=&#8220;on&#8220; _builder_version=&#8220;4.24.2&#8243; _module_preset=&#8220;default&#8220; global_colors_info=&#8220;{}&#8220;]<\/p>\n<p style=\"font-weight: 400;\">Steuerberater, Partnerschaft<\/p>\n<p style=\"font-weight: 400;\">Regensburger Str. 94<\/p>\n<p style=\"font-weight: 400;\">92318 Neumarkt<\/p>\n<p style=\"font-weight: 400;\">Tel.: 09181\/509305<\/p>\n<p style=\"font-weight: 400;\">Fax: 09181\/509306<\/p>\n<p>info@dankesreiter-schwarz.de<\/p>\n<p style=\"font-weight: 400;\"><strong>Unsere \u00d6ffnungs- sowie B\u00fcrozeiten:<\/strong><\/p>\n<p style=\"font-weight: 400;\"><strong>Mo\u00a0 08:00 Uhr &#8211; 12:00 Uhr und 13:00 Uhr &#8211; 18:00 Uhr, Di und Do 07:00 Uhr &#8211;\u00a0 12:00 Uhr sowie 13:00 -16:00 Uhr, <\/strong><strong>Mi 07:00 Uhr &#8211; 12:00 Uhr, Fr\u00a0 07:00 Uhr &#8211; 12:00 Uhr<\/strong><\/p>\n<p style=\"font-weight: 400;\">_____________________________________________<\/p>\n<p style=\"font-weight: 400;\">Sitz der Gesellschaft: Neumarkt, Registergericht: Amtsgericht N\u00fcrnberg<\/p>\n<p style=\"font-weight: 400;\">PR-Nr.: PR 143<\/p>\n<p style=\"font-weight: 400;\">Steuernummer: 235 155 03102<\/p>\n<p style=\"font-weight: 400;\">Steuerberater: Peter Dankesreiter und Nicolai Schwarz<\/p>\n<p style=\"font-weight: 400;\"><b>Haftung f\u00fcr Inhalte<\/b><\/p>\n<p>Wir bem\u00fchen uns die Inhalte unserer Seite aktuell zu halten. Trotz sorgf\u00e4ltiger Bearbeitung bleibt eine Haftung ausgeschlossen.Als Diensteanbieter sind wir gem\u00e4\u00df \u00a7 7 Abs.1 TMG f\u00fcr eigene Inhalte auf diesen Seiten nach den allgemeinen Gesetzen verantwortlich.Nach \u00a7\u00a7 8 bis 10 TMG sind wir als Diensteanbieter jedoch nicht verpflichtet, \u00fcbermittelte oder gespeicherte fremde Informationen zu \u00fcberwachen. Bei bekannt werden von Rechtsverletzungen, werden wir diese Inhalte umgehend entfernen. Eine diesbez\u00fcgliche Haftung \u00fcbernehmen wir erst ab dem Zeitpunkt der Kenntnis einer m\u00f6glichen Rechtsverletzung.<\/p>\n<p>&nbsp;<\/p>\n<p><b>Haftung f\u00fcr Links<\/b><\/p>\n<p>Unser Angebot enth\u00e4lt Links zu externen Webseiten Dritter, auf deren Inhalte wir keinen Einfluss haben. F\u00fcr die Inhalte der verlinkten Seiten ist stets der jeweilige Anbieter oder Betreiber der Seiten verantwortlich. F\u00fcr die Inhalte und die Richtigkeit der Informationen verlinkter Websites fremder Informationsanbieter wird keine Gew\u00e4hr \u00fcbernommen.Die verlinkten Seiten wurden zum Zeitpunkt der Verlinkung auf m\u00f6gliche Rechtsverst\u00f6\u00dfe OHNE BEANSTANDUNG \u00fcberpr\u00fcft. Bei bekannt werden von Rechtsverletzungen werden wir derartige Links umgehend entfernen.<\/p>\n<p>&nbsp;<\/p>\n<p><b>Urheberrecht<\/b><\/p>\n<p>Die durch die Seitenbetreiber erstellten Inhalte und Werke auf diesen Seiten unterliegen dem deutschen Urheberrecht. Die Vervielf\u00e4ltigung, Bearbeitung, Verbreitung und jede Art der Verwertung au\u00dferhalb der Grenzen des Urheberrechtes bed\u00fcrfen der schriftlichen Zustimmung des jeweiligen Autors bzw. Erstellers.<\/p>\n<p>&nbsp;<\/p>\n<p>Quelle: <a href=\"http:\/\/www.streifler.de\/-_2129.html\"><span>http:\/\/www.streifler.de\/-_2129.html<\/span><\/a><\/p>\n<p>[\/et_pb_blurb][\/et_pb_column][\/et_pb_row][\/et_pb_section]<\/p>\n","protected":false},"excerpt":{"rendered":"<p>Dankesreiter und Schwarz Steuerberater, PartnerschaftSteuerHerzlich Willkommen! Unsere Website wird aktuell \u00fcberarbeitet.\u00a0 Unsere Website wird zur Zeit \u00fcberarbeitet. W\u00e4hrend der \u00dcberarbeitung finden Sie hier alle Kontaktdaten. Steuerberater, Partnerschaft Regensburger Str. 94 92318 Neumarkt Tel.: 09181\/509305 Fax: 09181\/509306 info@dankesreiter-schwarz.de Unsere \u00d6ffnungs- sowie B\u00fcrozeiten: Mo\u00a0 08:00 Uhr &#8211; 12:00 Uhr und 13:00 Uhr &#8211; 18:00 Uhr, Di und [&hellip;]<\/p>\n","protected":false},"author":1,"featured_media":0,"parent":0,"menu_order":0,"comment_status":"closed","ping_status":"closed","template":"","meta":{"_et_pb_use_builder":"on","_et_pb_old_content":"","_et_gb_content_width":"","footnotes":""},"class_list":["post-10","page","type-page","status-publish","hentry"],"yoast_head":"<!-- This site is optimized with the Yoast SEO plugin v22.3 - https:\/\/yoast.com\/wordpress\/plugins\/seo\/ -->\n<title>DS Home 1 - Dankesreiter und Schwarz<\/title>\n<meta name=\"robots\" content=\"index, follow, max-snippet:-1, max-image-preview:large, max-video-preview:-1\" \/>\n<link rel=\"canonical\" href=\"https:\/\/www.dankesreiter-schwarz.de\/\" \/>\n<meta property=\"og:locale\" content=\"de_DE\" \/>\n<meta property=\"og:type\" content=\"article\" \/>\n<meta property=\"og:title\" content=\"DS Home 1 - Dankesreiter und Schwarz\" \/>\n<meta property=\"og:description\" content=\"Dankesreiter und Schwarz Steuerberater, PartnerschaftSteuerHerzlich Willkommen! Unsere Website wird aktuell \u00fcberarbeitet.\u00a0 Unsere Website wird zur Zeit \u00fcberarbeitet. W\u00e4hrend der \u00dcberarbeitung finden Sie hier alle Kontaktdaten. Steuerberater, Partnerschaft Regensburger Str. 94 92318 Neumarkt Tel.: 09181\/509305 Fax: 09181\/509306 info@dankesreiter-schwarz.de Unsere \u00d6ffnungs- sowie B\u00fcrozeiten: Mo\u00a0 08:00 Uhr - 12:00 Uhr und 13:00 Uhr - 18:00 Uhr, Di und [&hellip;]\" \/>\n<meta property=\"og:url\" content=\"https:\/\/www.dankesreiter-schwarz.de\/\" \/>\n<meta property=\"og:site_name\" content=\"Dankesreiter und Schwarz\" \/>\n<meta property=\"article:modified_time\" content=\"2025-09-08T07:09:30+00:00\" \/>\n<meta name=\"twitter:card\" content=\"summary_large_image\" \/>\n<meta name=\"twitter:label1\" content=\"Gesch\u00e4tzte Lesezeit\" \/>\n\t<meta name=\"twitter:data1\" content=\"6\u00a0Minuten\" \/>\n<script type=\"application\/ld+json\" class=\"yoast-schema-graph\">{\"@context\":\"https:\/\/schema.org\",\"@graph\":[{\"@type\":\"WebPage\",\"@id\":\"https:\/\/www.dankesreiter-schwarz.de\/\",\"url\":\"https:\/\/www.dankesreiter-schwarz.de\/\",\"name\":\"DS Home 1 - Dankesreiter und Schwarz\",\"isPartOf\":{\"@id\":\"https:\/\/www.dankesreiter-schwarz.de\/#website\"},\"datePublished\":\"2024-03-23T18:43:32+00:00\",\"dateModified\":\"2025-09-08T07:09:30+00:00\",\"breadcrumb\":{\"@id\":\"https:\/\/www.dankesreiter-schwarz.de\/#breadcrumb\"},\"inLanguage\":\"de\",\"potentialAction\":[{\"@type\":\"ReadAction\",\"target\":[\"https:\/\/www.dankesreiter-schwarz.de\/\"]}]},{\"@type\":\"BreadcrumbList\",\"@id\":\"https:\/\/www.dankesreiter-schwarz.de\/#breadcrumb\",\"itemListElement\":[{\"@type\":\"ListItem\",\"position\":1,\"name\":\"Startseite\",\"item\":\"https:\/\/www.dankesreiter-schwarz.de\/\"},{\"@type\":\"ListItem\",\"position\":2,\"name\":\"DS Home 1\"}]},{\"@type\":\"WebSite\",\"@id\":\"https:\/\/www.dankesreiter-schwarz.de\/#website\",\"url\":\"https:\/\/www.dankesreiter-schwarz.de\/\",\"name\":\"Dankesreiter und Schwarz\",\"description\":\"Steuerberater\",\"potentialAction\":[{\"@type\":\"SearchAction\",\"target\":{\"@type\":\"EntryPoint\",\"urlTemplate\":\"https:\/\/www.dankesreiter-schwarz.de\/?s={search_term_string}\"},\"query-input\":\"required name=search_term_string\"}],\"inLanguage\":\"de\"}]}<\/script>\n<!-- \/ Yoast SEO plugin. -->","yoast_head_json":{"title":"DS Home 1 - Dankesreiter und Schwarz","robots":{"index":"index","follow":"follow","max-snippet":"max-snippet:-1","max-image-preview":"max-image-preview:large","max-video-preview":"max-video-preview:-1"},"canonical":"https:\/\/www.dankesreiter-schwarz.de\/","og_locale":"de_DE","og_type":"article","og_title":"DS Home 1 - Dankesreiter und Schwarz","og_description":"Dankesreiter und Schwarz Steuerberater, PartnerschaftSteuerHerzlich Willkommen! Unsere Website wird aktuell \u00fcberarbeitet.\u00a0 Unsere Website wird zur Zeit \u00fcberarbeitet. W\u00e4hrend der \u00dcberarbeitung finden Sie hier alle Kontaktdaten. Steuerberater, Partnerschaft Regensburger Str. 94 92318 Neumarkt Tel.: 09181\/509305 Fax: 09181\/509306 info@dankesreiter-schwarz.de Unsere \u00d6ffnungs- sowie B\u00fcrozeiten: Mo\u00a0 08:00 Uhr - 12:00 Uhr und 13:00 Uhr - 18:00 Uhr, Di und [&hellip;]","og_url":"https:\/\/www.dankesreiter-schwarz.de\/","og_site_name":"Dankesreiter und Schwarz","article_modified_time":"2025-09-08T07:09:30+00:00","twitter_card":"summary_large_image","twitter_misc":{"Gesch\u00e4tzte Lesezeit":"6\u00a0Minuten"},"schema":{"@context":"https:\/\/schema.org","@graph":[{"@type":"WebPage","@id":"https:\/\/www.dankesreiter-schwarz.de\/","url":"https:\/\/www.dankesreiter-schwarz.de\/","name":"DS Home 1 - Dankesreiter und Schwarz","isPartOf":{"@id":"https:\/\/www.dankesreiter-schwarz.de\/#website"},"datePublished":"2024-03-23T18:43:32+00:00","dateModified":"2025-09-08T07:09:30+00:00","breadcrumb":{"@id":"https:\/\/www.dankesreiter-schwarz.de\/#breadcrumb"},"inLanguage":"de","potentialAction":[{"@type":"ReadAction","target":["https:\/\/www.dankesreiter-schwarz.de\/"]}]},{"@type":"BreadcrumbList","@id":"https:\/\/www.dankesreiter-schwarz.de\/#breadcrumb","itemListElement":[{"@type":"ListItem","position":1,"name":"Startseite","item":"https:\/\/www.dankesreiter-schwarz.de\/"},{"@type":"ListItem","position":2,"name":"DS Home 1"}]},{"@type":"WebSite","@id":"https:\/\/www.dankesreiter-schwarz.de\/#website","url":"https:\/\/www.dankesreiter-schwarz.de\/","name":"Dankesreiter und Schwarz","description":"Steuerberater","potentialAction":[{"@type":"SearchAction","target":{"@type":"EntryPoint","urlTemplate":"https:\/\/www.dankesreiter-schwarz.de\/?s={search_term_string}"},"query-input":"required name=search_term_string"}],"inLanguage":"de"}]}},"jetpack_sharing_enabled":true,"_links":{"self":[{"href":"https:\/\/www.dankesreiter-schwarz.de\/index.php\/wp-json\/wp\/v2\/pages\/10","targetHints":{"allow":["GET"]}}],"collection":[{"href":"https:\/\/www.dankesreiter-schwarz.de\/index.php\/wp-json\/wp\/v2\/pages"}],"about":[{"href":"https:\/\/www.dankesreiter-schwarz.de\/index.php\/wp-json\/wp\/v2\/types\/page"}],"author":[{"embeddable":true,"href":"https:\/\/www.dankesreiter-schwarz.de\/index.php\/wp-json\/wp\/v2\/users\/1"}],"replies":[{"embeddable":true,"href":"https:\/\/www.dankesreiter-schwarz.de\/index.php\/wp-json\/wp\/v2\/comments?post=10"}],"version-history":[{"count":14,"href":"https:\/\/www.dankesreiter-schwarz.de\/index.php\/wp-json\/wp\/v2\/pages\/10\/revisions"}],"predecessor-version":[{"id":84,"href":"https:\/\/www.dankesreiter-schwarz.de\/index.php\/wp-json\/wp\/v2\/pages\/10\/revisions\/84"}],"wp:attachment":[{"href":"https:\/\/www.dankesreiter-schwarz.de\/index.php\/wp-json\/wp\/v2\/media?parent=10"}],"curies":[{"name":"wp","href":"https:\/\/api.w.org\/{rel}","templated":true}]}}